{"id":11081,"date":"2019-03-19T15:17:19","date_gmt":"2019-03-19T15:17:19","guid":{"rendered":"https:\/\/kayomoto.se\/aterforsaljare\/"},"modified":"2024-03-22T07:42:33","modified_gmt":"2024-03-22T07:42:33","slug":"forhandlere","status":"publish","type":"page","link":"https:\/\/kayomoto.se\/da\/forhandlere\/","title":{"rendered":"Forhandlere"},"content":{"rendered":"\n<style type=\"text\/css\" data-created_by=\"avia_inline_auto\" id=\"style-css-av-6k08r-73c3a6dcfcd95aea87dcfb3337778070\">\n.avia-section.av-6k08r-73c3a6dcfcd95aea87dcfb3337778070 .av-parallax .av-parallax-inner{\nbackground-repeat:no-repeat;\nbackground-image:url(https:\/\/kayomoto.se\/wp-content\/uploads\/2023\/11\/hemsida_beskuren.png);\nbackground-position:50% 100%;\nbackground-attachment:scroll;\n}\n.avia-section.av-6k08r-73c3a6dcfcd95aea87dcfb3337778070 .av-section-color-overlay{\nopacity:0.2;\nbackground-color:#020202;\n}\n<\/style>\n<div id='av_section_1'  class='avia-section av-6k08r-73c3a6dcfcd95aea87dcfb3337778070 main_color avia-section-default avia-no-border-styling  avia-builder-el-0  el_before_av_section  avia-builder-el-first  top-section avia-full-stretch av-parallax-section avia-bg-style-parallax av-section-color-overlay-active container_wrap fullsize'  data-section-bg-repeat='stretch'><div class='av-parallax' data-avia-parallax-ratio='0.3' ><div class='av-parallax-inner main_color avia-full-stretch'><\/div><\/div><div class=\"av-section-color-overlay-wrap\"><div class=\"av-section-color-overlay\"><\/div><div class='container av-section-cont-open' ><main  role=\"main\" itemprop=\"mainContentOfPage\"  class='template-page content  av-content-full alpha units'><div class='post-entry post-entry-type-page post-entry-11081'><div class='entry-content-wrapper clearfix'>\n<div class='flex_column_table av-jtid3z5d-d828a952336e5ed286aa3025ec7124a1 sc-av_one_full av-equal-height-column-flextable'>\n<style type=\"text\/css\" data-created_by=\"avia_inline_auto\" id=\"style-css-av-jtid3z5d-d828a952336e5ed286aa3025ec7124a1\">\n.flex_column.av-jtid3z5d-d828a952336e5ed286aa3025ec7124a1{\nborder-radius:0px 0px 0px 0px;\npadding:0px 0px 0px 0px;\n}\n<\/style>\n<div  class='flex_column av-jtid3z5d-d828a952336e5ed286aa3025ec7124a1 av_one_full  avia-builder-el-1  avia-builder-el-no-sibling  first no_margin flex_column_table_cell av-equal-height-column av-align-middle av-zero-column-padding  '     ><section  class='av_textblock_section av-jtiag8n0-502a3df5ef485f86c296255137e2e209 '   itemscope=\"itemscope\" itemtype=\"https:\/\/schema.org\/CreativeWork\" ><div class='avia_textblock'  itemprop=\"text\" ><h1 style=\"text-align: center;\">Forhandlere<\/h1>\n<\/div><\/section><\/div><\/div><!--close column table wrapper. Autoclose: 1 --><\/div><\/div><\/main><!-- close content main element --><\/div><\/div><\/div>\n<style type=\"text\/css\" data-created_by=\"avia_inline_auto\" id=\"style-css-av-1p8kn-70aa4f08df99f4110a4031d63293b7ea\">\n.avia-section.av-1p8kn-70aa4f08df99f4110a4031d63293b7ea{\nmargin-top:60px;\nmargin-bottom:0px;\n}\n<\/style>\n<div id='av_section_2'  class='avia-section av-1p8kn-70aa4f08df99f4110a4031d63293b7ea main_color avia-section-large avia-no-border-styling  avia-builder-el-3  el_after_av_section  el_before_av_textblock  af-text-cotnainer avia-bg-style-scroll container_wrap fullsize'  ><div class='container av-section-cont-open' ><div class='template-page content  av-content-full alpha units'><div class='post-entry post-entry-type-page post-entry-11081'><div class='entry-content-wrapper clearfix'>\n<section  class='av_textblock_section av-jwuh73bw-ce9a8aeeb78c9361612d91a2beb14785 '   itemscope=\"itemscope\" itemtype=\"https:\/\/schema.org\/CreativeWork\" ><div class='avia_textblock cfmoto-blue-brackets centered-headline'  itemprop=\"text\" ><h2 style=\"text-align: center;\">HITTA DIN \u00c5TERF\u00d6RS\u00c4LJARE<\/h2>\n<\/div><\/section>\n<\/div><\/div><\/div><!-- close content main div --><\/div><\/div><div id='after_section_2'  class='main_color av_default_container_wrap container_wrap fullsize'  ><div class='container av-section-cont-open' ><div class='template-page content  av-content-full alpha units'><div class='post-entry post-entry-type-page post-entry-11081'><div class='entry-content-wrapper clearfix'><\/p>\n<section  class='av_textblock_section av-jtof8lpl-1e7a51cd88c545f0195bd33461cb6343 '   itemscope=\"itemscope\" itemtype=\"https:\/\/schema.org\/CreativeWork\" ><div class='avia_textblock cfmoto-store-locator'  itemprop=\"text\" ><p><\/p>\n<\/div><\/section>\n<\/div><\/div><\/div><!-- close content main div --><\/div><\/div><div id='av_section_3'  class='avia-section av-jwun2yol-48f7cd99cdce90f9fbd37134cac83b2c main_color avia-section-no-padding avia-no-border-styling  avia-builder-el-6  el_after_av_textblock  el_before_av_section  avia-bg-style-scroll container_wrap fullsize'  ><div class='container av-section-cont-open' ><div class='template-page content  av-content-full alpha units'><div class='post-entry post-entry-type-page post-entry-11081'><div class='entry-content-wrapper clearfix'>\n<\/div><\/div><\/div><!-- close content main div --><\/div><\/div>\n<style type=\"text\/css\" data-created_by=\"avia_inline_auto\" id=\"style-css-av-jtd1ffya-d90752ead3de4cafd5e592e40f6bd8c1\">\n.avia-section.av-jtd1ffya-d90752ead3de4cafd5e592e40f6bd8c1{\nbackground-color:#ffffff;\nbackground-image:unset;\nmargin-top:50px;\nmargin-bottom:0px;\n}\n<\/style>\n<div id='av_section_4'  class='avia-section av-jtd1ffya-d90752ead3de4cafd5e592e40f6bd8c1 main_color avia-section-default avia-no-border-styling  avia-builder-el-7  el_after_av_section  avia-builder-el-last  social-media-wrapper avia-bg-style-scroll container_wrap fullsize'  ><div class='container av-section-cont-open' ><div class='template-page content  av-content-full alpha units'><div class='post-entry post-entry-type-page post-entry-11081'><div class='entry-content-wrapper clearfix'>\n\n<style type=\"text\/css\" data-created_by=\"avia_inline_auto\" id=\"style-css-av-ju2ltgjq-6f3e6c9662ceb740cc57882f022b0957\">\n.flex_column.av-ju2ltgjq-6f3e6c9662ceb740cc57882f022b0957{\nborder-radius:0px 0px 0px 0px;\npadding:0px 10% 0px 10%;\n}\n<\/style>\n<div  class='flex_column av-ju2ltgjq-6f3e6c9662ceb740cc57882f022b0957 av_one_full  avia-builder-el-8  avia-builder-el-no-sibling  first flex_column_div  '     ><section  class='av_textblock_section av-jta5gaj0-3-b61ae11a48d5f5880be1d32e2e108c7a '   itemscope=\"itemscope\" itemtype=\"https:\/\/schema.org\/CreativeWork\" ><div class='avia_textblock'  itemprop=\"text\" ><h2 style=\"text-align: center;\">F\u00f6lj oss p\u00e5 sociala medier!<\/h2>\n<\/div><\/section><br \/>\n<section  class='av_textblock_section av-jta5gaj0-2-7be0abe3d9e6697dc9da977101d96bf1 '   itemscope=\"itemscope\" itemtype=\"https:\/\/schema.org\/CreativeWork\" ><div class='avia_textblock social-media-container'  itemprop=\"text\" ><ul class=\"social-media\">\n<li><a href=\"https:\/\/www.instagram.com\/kayomoto.official\/\" target=\"_blank\" rel=\"noopener\"><img decoding=\"async\" class=\"alignnone size-full wp-image-381 instagram-icon\" style=\"width: 100px; height: 100px;\" src=\"https:\/\/kayomoto.se\/wp-content\/uploads\/2019\/04\/instagram.svg\" alt=\"\" \/><\/a><\/li>\n<li><a href=\"https:\/\/www.facebook.com\/kayomoto.official\/\" target=\"_blank\" rel=\"noopener\"><img decoding=\"async\" class=\"alignnone size-full wp-image-378 facebook-icon\" style=\"width: 100px; height: 100px;\" src=\"https:\/\/kayomoto.se\/wp-content\/uploads\/2019\/04\/facebook.svg\" alt=\"\" \/><\/a><\/li>\n<li><a href=\"https:\/\/www.youtube.com\/@kayomoto970\" target=\"_blank\" rel=\"noopener\"><img decoding=\"async\" class=\"alignnone size-full wp-image-384 youtube-icon\" style=\"width: 100px; height: 100px;\" src=\"https:\/\/kayomoto.se\/wp-content\/uploads\/2019\/04\/youtube.svg\" alt=\"\" \/><\/a><\/li>\n<\/ul>\n<\/div><\/section><br \/>\n<section  class='av_textblock_section av-jta5gaj0-1-e4bd9912154ed39ef339aa826a5fcfe3 '   itemscope=\"itemscope\" itemtype=\"https:\/\/schema.org\/CreativeWork\" ><div class='av-desktop-hide av-medium-hide av-small-hide av-mini-hide avia_textblock'  itemprop=\"text\" ><p>[instagram-feed feed=1]<\/p>\n<\/div><\/section><\/p><\/div>\n\n","protected":false},"excerpt":{"rendered":"","protected":false},"author":1,"featured_media":0,"parent":0,"menu_order":0,"comment_status":"closed","ping_status":"closed","template":"","meta":{"_acf_changed":false,"inline_featured_image":false,"footnotes":""},"class_list":["post-11081","page","type-page","status-publish","hentry"],"acf":[],"yoast_head":"<!-- This site is optimized with the Yoast SEO plugin v27.4 - https:\/\/yoast.com\/product\/yoast-seo-wordpress\/ -->\n<title>Forhandlere &#8212; hitta och bes\u00f6k v\u00e5ra \u00e5terf\u00f6rs\u00e4ljare p\u00e5 KAYOMOTO<\/title>\n<meta name=\"description\" content=\"Hitta din n\u00e4rmaste \u00e5terf\u00f6rs\u00e4ljare f\u00f6r KAYO i Sverige, Norge, Danmark eller Finland. Vi har \u00e5terf\u00f6rs\u00e4ljare i hela Skandinavien\" \/>\n<meta name=\"robots\" content=\"index, follow, max-snippet:-1, max-image-preview:large, max-video-preview:-1\" \/>\n<link rel=\"canonical\" href=\"https:\/\/kayomoto.se\/da\/forhandlere\/\" \/>\n<meta property=\"og:locale\" content=\"da_DK\" \/>\n<meta property=\"og:type\" content=\"article\" \/>\n<meta property=\"og:title\" content=\"Forhandlere &#8212; hitta och bes\u00f6k v\u00e5ra \u00e5terf\u00f6rs\u00e4ljare p\u00e5 KAYOMOTO\" \/>\n<meta property=\"og:description\" content=\"Hitta din n\u00e4rmaste \u00e5terf\u00f6rs\u00e4ljare f\u00f6r KAYO i Sverige, Norge, Danmark eller Finland. Vi har \u00e5terf\u00f6rs\u00e4ljare i hela Skandinavien\" \/>\n<meta property=\"og:url\" content=\"https:\/\/kayomoto.se\/da\/forhandlere\/\" \/>\n<meta property=\"og:site_name\" content=\"KAYOMOTO\" \/>\n<meta property=\"article:publisher\" content=\"https:\/\/www.facebook.com\/cfmotosverige\/\" \/>\n<meta property=\"article:modified_time\" content=\"2024-03-22T07:42:33+00:00\" \/>\n<meta property=\"og:image\" content=\"https:\/\/kayomoto.se\/wp-content\/uploads\/2019\/04\/instagram.svg\" \/>\n<meta name=\"twitter:card\" content=\"summary_large_image\" \/>\n<meta name=\"twitter:label1\" content=\"Estimeret l\u00e6setid\" \/>\n\t<meta name=\"twitter:data1\" content=\"1 minut\" \/>\n<script type=\"application\/ld+json\" class=\"yoast-schema-graph\">{\"@context\":\"https:\\\/\\\/schema.org\",\"@graph\":[{\"@type\":\"WebPage\",\"@id\":\"https:\\\/\\\/kayomoto.se\\\/da\\\/forhandlere\\\/\",\"url\":\"https:\\\/\\\/kayomoto.se\\\/da\\\/forhandlere\\\/\",\"name\":\"Forhandlere &#8212; hitta och bes\u00f6k v\u00e5ra \u00e5terf\u00f6rs\u00e4ljare p\u00e5 KAYOMOTO\",\"isPartOf\":{\"@id\":\"https:\\\/\\\/kayomoto.se\\\/#website\"},\"primaryImageOfPage\":{\"@id\":\"https:\\\/\\\/kayomoto.se\\\/da\\\/forhandlere\\\/#primaryimage\"},\"image\":{\"@id\":\"https:\\\/\\\/kayomoto.se\\\/da\\\/forhandlere\\\/#primaryimage\"},\"thumbnailUrl\":\"https:\\\/\\\/kayomoto.se\\\/wp-content\\\/uploads\\\/2019\\\/04\\\/instagram.svg\",\"datePublished\":\"2019-03-19T15:17:19+00:00\",\"dateModified\":\"2024-03-22T07:42:33+00:00\",\"description\":\"Hitta din n\u00e4rmaste \u00e5terf\u00f6rs\u00e4ljare f\u00f6r KAYO i Sverige, Norge, Danmark eller Finland. Vi har \u00e5terf\u00f6rs\u00e4ljare i hela Skandinavien\",\"breadcrumb\":{\"@id\":\"https:\\\/\\\/kayomoto.se\\\/da\\\/forhandlere\\\/#breadcrumb\"},\"inLanguage\":\"da-DK\",\"potentialAction\":[{\"@type\":\"ReadAction\",\"target\":[\"https:\\\/\\\/kayomoto.se\\\/da\\\/forhandlere\\\/\"]}]},{\"@type\":\"ImageObject\",\"inLanguage\":\"da-DK\",\"@id\":\"https:\\\/\\\/kayomoto.se\\\/da\\\/forhandlere\\\/#primaryimage\",\"url\":\"https:\\\/\\\/kayomoto.se\\\/wp-content\\\/uploads\\\/2019\\\/04\\\/instagram.svg\",\"contentUrl\":\"https:\\\/\\\/kayomoto.se\\\/wp-content\\\/uploads\\\/2019\\\/04\\\/instagram.svg\"},{\"@type\":\"BreadcrumbList\",\"@id\":\"https:\\\/\\\/kayomoto.se\\\/da\\\/forhandlere\\\/#breadcrumb\",\"itemListElement\":[{\"@type\":\"ListItem\",\"position\":1,\"name\":\"Hem\",\"item\":\"https:\\\/\\\/kayomoto.se\\\/da\\\/\"},{\"@type\":\"ListItem\",\"position\":2,\"name\":\"Forhandlere\"}]},{\"@type\":\"WebSite\",\"@id\":\"https:\\\/\\\/kayomoto.se\\\/#website\",\"url\":\"https:\\\/\\\/kayomoto.se\\\/\",\"name\":\"CFMOTO\",\"description\":\"\",\"potentialAction\":[{\"@type\":\"SearchAction\",\"target\":{\"@type\":\"EntryPoint\",\"urlTemplate\":\"https:\\\/\\\/kayomoto.se\\\/?s={search_term_string}\"},\"query-input\":{\"@type\":\"PropertyValueSpecification\",\"valueRequired\":true,\"valueName\":\"search_term_string\"}}],\"inLanguage\":\"da-DK\"}]}<\/script>\n<!-- \/ Yoast SEO plugin. -->","yoast_head_json":{"title":"Forhandlere &#8212; hitta och bes\u00f6k v\u00e5ra \u00e5terf\u00f6rs\u00e4ljare p\u00e5 KAYOMOTO","description":"Hitta din n\u00e4rmaste \u00e5terf\u00f6rs\u00e4ljare f\u00f6r KAYO i Sverige, Norge, Danmark eller Finland. Vi har \u00e5terf\u00f6rs\u00e4ljare i hela Skandinavien","robots":{"index":"index","follow":"follow","max-snippet":"max-snippet:-1","max-image-preview":"max-image-preview:large","max-video-preview":"max-video-preview:-1"},"canonical":"https:\/\/kayomoto.se\/da\/forhandlere\/","og_locale":"da_DK","og_type":"article","og_title":"Forhandlere &#8212; hitta och bes\u00f6k v\u00e5ra \u00e5terf\u00f6rs\u00e4ljare p\u00e5 KAYOMOTO","og_description":"Hitta din n\u00e4rmaste \u00e5terf\u00f6rs\u00e4ljare f\u00f6r KAYO i Sverige, Norge, Danmark eller Finland. Vi har \u00e5terf\u00f6rs\u00e4ljare i hela Skandinavien","og_url":"https:\/\/kayomoto.se\/da\/forhandlere\/","og_site_name":"KAYOMOTO","article_publisher":"https:\/\/www.facebook.com\/cfmotosverige\/","article_modified_time":"2024-03-22T07:42:33+00:00","og_image":[{"url":"https:\/\/kayomoto.se\/wp-content\/uploads\/2019\/04\/instagram.svg","type":"","width":"","height":""}],"twitter_card":"summary_large_image","twitter_misc":{"Estimeret l\u00e6setid":"1 minut"},"schema":{"@context":"https:\/\/schema.org","@graph":[{"@type":"WebPage","@id":"https:\/\/kayomoto.se\/da\/forhandlere\/","url":"https:\/\/kayomoto.se\/da\/forhandlere\/","name":"Forhandlere &#8212; hitta och bes\u00f6k v\u00e5ra \u00e5terf\u00f6rs\u00e4ljare p\u00e5 KAYOMOTO","isPartOf":{"@id":"https:\/\/kayomoto.se\/#website"},"primaryImageOfPage":{"@id":"https:\/\/kayomoto.se\/da\/forhandlere\/#primaryimage"},"image":{"@id":"https:\/\/kayomoto.se\/da\/forhandlere\/#primaryimage"},"thumbnailUrl":"https:\/\/kayomoto.se\/wp-content\/uploads\/2019\/04\/instagram.svg","datePublished":"2019-03-19T15:17:19+00:00","dateModified":"2024-03-22T07:42:33+00:00","description":"Hitta din n\u00e4rmaste \u00e5terf\u00f6rs\u00e4ljare f\u00f6r KAYO i Sverige, Norge, Danmark eller Finland. Vi har \u00e5terf\u00f6rs\u00e4ljare i hela Skandinavien","breadcrumb":{"@id":"https:\/\/kayomoto.se\/da\/forhandlere\/#breadcrumb"},"inLanguage":"da-DK","potentialAction":[{"@type":"ReadAction","target":["https:\/\/kayomoto.se\/da\/forhandlere\/"]}]},{"@type":"ImageObject","inLanguage":"da-DK","@id":"https:\/\/kayomoto.se\/da\/forhandlere\/#primaryimage","url":"https:\/\/kayomoto.se\/wp-content\/uploads\/2019\/04\/instagram.svg","contentUrl":"https:\/\/kayomoto.se\/wp-content\/uploads\/2019\/04\/instagram.svg"},{"@type":"BreadcrumbList","@id":"https:\/\/kayomoto.se\/da\/forhandlere\/#breadcrumb","itemListElement":[{"@type":"ListItem","position":1,"name":"Hem","item":"https:\/\/kayomoto.se\/da\/"},{"@type":"ListItem","position":2,"name":"Forhandlere"}]},{"@type":"WebSite","@id":"https:\/\/kayomoto.se\/#website","url":"https:\/\/kayomoto.se\/","name":"CFMOTO","description":"","potentialAction":[{"@type":"SearchAction","target":{"@type":"EntryPoint","urlTemplate":"https:\/\/kayomoto.se\/?s={search_term_string}"},"query-input":{"@type":"PropertyValueSpecification","valueRequired":true,"valueName":"search_term_string"}}],"inLanguage":"da-DK"}]}},"_links":{"self":[{"href":"https:\/\/kayomoto.se\/da\/wp-json\/wp\/v2\/pages\/11081","targetHints":{"allow":["GET"]}}],"collection":[{"href":"https:\/\/kayomoto.se\/da\/wp-json\/wp\/v2\/pages"}],"about":[{"href":"https:\/\/kayomoto.se\/da\/wp-json\/wp\/v2\/types\/page"}],"author":[{"embeddable":true,"href":"https:\/\/kayomoto.se\/da\/wp-json\/wp\/v2\/users\/1"}],"replies":[{"embeddable":true,"href":"https:\/\/kayomoto.se\/da\/wp-json\/wp\/v2\/comments?post=11081"}],"version-history":[{"count":2,"href":"https:\/\/kayomoto.se\/da\/wp-json\/wp\/v2\/pages\/11081\/revisions"}],"predecessor-version":[{"id":11129,"href":"https:\/\/kayomoto.se\/da\/wp-json\/wp\/v2\/pages\/11081\/revisions\/11129"}],"wp:attachment":[{"href":"https:\/\/kayomoto.se\/da\/wp-json\/wp\/v2\/media?parent=11081"}],"curies":[{"name":"wp","href":"https:\/\/api.w.org\/{rel}","templated":true}]}}