{"id":11079,"date":"2019-03-19T15:18:37","date_gmt":"2019-03-19T15:18:37","guid":{"rendered":"https:\/\/kayomoto.se\/modeller\/"},"modified":"2024-03-22T09:35:50","modified_gmt":"2024-03-22T09:35:50","slug":"modeller","status":"publish","type":"page","link":"https:\/\/kayomoto.se\/da\/modeller\/","title":{"rendered":"Modeller"},"content":{"rendered":"\n<style type=\"text\/css\" data-created_by=\"avia_inline_auto\" id=\"style-css-av-6k08r-73c3a6dcfcd95aea87dcfb3337778070\">\n.avia-section.av-6k08r-73c3a6dcfcd95aea87dcfb3337778070 .av-parallax .av-parallax-inner{\nbackground-repeat:no-repeat;\nbackground-image:url(https:\/\/kayomoto.se\/wp-content\/uploads\/2023\/11\/hemsida_beskuren.png);\nbackground-position:50% 100%;\nbackground-attachment:scroll;\n}\n.avia-section.av-6k08r-73c3a6dcfcd95aea87dcfb3337778070 .av-section-color-overlay{\nopacity:0.2;\nbackground-color:#020202;\n}\n<\/style>\n<div id='av_section_1'  class='avia-section av-6k08r-73c3a6dcfcd95aea87dcfb3337778070 main_color avia-section-default avia-no-border-styling  avia-builder-el-0  el_before_av_section  avia-builder-el-first  top-section avia-full-stretch av-parallax-section avia-bg-style-parallax av-section-color-overlay-active container_wrap fullsize'  data-section-bg-repeat='stretch'><div class='av-parallax' data-avia-parallax-ratio='0.3' ><div class='av-parallax-inner main_color avia-full-stretch'><\/div><\/div><div class=\"av-section-color-overlay-wrap\"><div class=\"av-section-color-overlay\"><\/div><div class='container av-section-cont-open' ><main  role=\"main\" itemprop=\"mainContentOfPage\"  class='template-page content  av-content-full alpha units'><div class='post-entry post-entry-type-page post-entry-11079'><div class='entry-content-wrapper clearfix'>\n<div class='flex_column_table av-jtid3z5d-d828a952336e5ed286aa3025ec7124a1 sc-av_one_full av-equal-height-column-flextable'>\n<style type=\"text\/css\" data-created_by=\"avia_inline_auto\" id=\"style-css-av-jtid3z5d-d828a952336e5ed286aa3025ec7124a1\">\n.flex_column.av-jtid3z5d-d828a952336e5ed286aa3025ec7124a1{\nborder-radius:0px 0px 0px 0px;\npadding:0px 0px 0px 0px;\n}\n<\/style>\n<div  class='flex_column av-jtid3z5d-d828a952336e5ed286aa3025ec7124a1 av_one_full  avia-builder-el-1  avia-builder-el-no-sibling  first no_margin flex_column_table_cell av-equal-height-column av-align-middle av-zero-column-padding  '     ><section  class='av_textblock_section av-jtiag8n0-8278b5b62fb8ceca7b4c582c1413727d '   itemscope=\"itemscope\" itemtype=\"https:\/\/schema.org\/CreativeWork\" ><div class='avia_textblock'  itemprop=\"text\" ><h1 style=\"text-align: center;\">Modeller<\/h1>\n<\/div><\/section><\/div><\/div><!--close column table wrapper. Autoclose: 1 -->\n\n<\/div><\/div><\/main><!-- close content main element --><\/div><\/div><\/div><div id='av_section_2'  class='avia-section av-9fvfv-d7d40bd84a2a022224257e5f9c9dfe9d main_color avia-section-large avia-no-border-styling  avia-builder-el-3  el_after_av_section  el_before_av_section  avia-bg-style-scroll container_wrap fullsize'  ><div class='container av-section-cont-open' ><div class='template-page content  av-content-full alpha units'><div class='post-entry post-entry-type-page post-entry-11079'><div class='entry-content-wrapper clearfix'>\n\n<style type=\"text\/css\" data-created_by=\"avia_inline_auto\" id=\"style-css-av-klvnv-55ef3be0adcec0469865454bf2b2394b\">\n.flex_column.av-klvnv-55ef3be0adcec0469865454bf2b2394b{\nborder-radius:0px 0px 0px 0px;\npadding:0px 0px 0px 0px;\n}\n<\/style>\n<div  class='flex_column av-klvnv-55ef3be0adcec0469865454bf2b2394b av_one_fourth  avia-builder-el-4  el_before_av_one_half  avia-builder-el-first  first flex_column_div av-zero-column-padding  '     ><\/div>\n<style type=\"text\/css\" data-created_by=\"avia_inline_auto\" id=\"style-css-av-e78f7-0b57e9ac694095effb6fb0fb91138ace\">\n.flex_column.av-e78f7-0b57e9ac694095effb6fb0fb91138ace{\nborder-radius:0px 0px 0px 0px;\npadding:0px 0px 0px 0px;\n}\n<\/style>\n<div  class='flex_column av-e78f7-0b57e9ac694095effb6fb0fb91138ace av_one_half  avia-builder-el-5  el_after_av_one_fourth  el_before_av_one_fifth  flex_column_div av-zero-column-padding  '     ><section  class='av_textblock_section av-jwiub9q0-f4a585434ffec5766f2b2e1dd8b4b453 '   itemscope=\"itemscope\" itemtype=\"https:\/\/schema.org\/CreativeWork\" ><div class='avia_textblock'  itemprop=\"text\" ><h3 style=\"text-align: center;\">Stor gl\u00e6de i et lille format<\/h3>\n<p style=\"text-align: center;\">Find modellen som passer dig.<\/p>\n<\/div><\/section><\/div>\n<style type=\"text\/css\" data-created_by=\"avia_inline_auto\" id=\"style-css-av-b3dez-4fedb79528a47ef92c8f00d826678978\">\n.flex_column.av-b3dez-4fedb79528a47ef92c8f00d826678978{\nborder-radius:0px 0px 0px 0px;\npadding:0px 0px 0px 0px;\n}\n<\/style>\n<div  class='flex_column av-b3dez-4fedb79528a47ef92c8f00d826678978 av_one_fifth  avia-builder-el-7  el_after_av_one_half  avia-builder-el-last  flex_column_div av-zero-column-padding  '     ><\/div>\n\n<\/div><\/div><\/div><!-- close content main div --><\/div><\/div><div id='av_section_3'  class='avia-section av-37fc-731a35b44cdc8e652223a35c3eba5673 main_color avia-section-default avia-no-border-styling  avia-builder-el-8  el_after_av_section  avia-builder-el-last  cfmoto-category-container avia-bg-style-scroll container_wrap fullsize'  ><div class='container av-section-cont-open' ><div class='template-page content  av-content-full alpha units'><div class='post-entry post-entry-type-page post-entry-11079'><div class='entry-content-wrapper clearfix'>\n\n<style type=\"text\/css\" data-created_by=\"avia_inline_auto\" id=\"style-css-av-jta2mhkf-92eec9cf42008ca4bd024986079c8cf1\">\n.flex_column.av-jta2mhkf-92eec9cf42008ca4bd024986079c8cf1{\nborder-radius:0px 0px 0px 0px;\npadding:0px 0px 0px 0px;\n}\n<\/style>\n<div  class='flex_column av-jta2mhkf-92eec9cf42008ca4bd024986079c8cf1 av_one_fourth  avia-builder-el-9  el_before_av_one_fourth  avia-builder-el-first  cfmoto-product-category first no_margin flex_column_div av-zero-column-padding avia-full-stretch avia-link-column av-column-link  '    data-link-column-url=\"https:\/\/kayomoto.se\/da\/ay70\/\"   ><a class=\"av-screen-reader-only\" href=https:\/\/kayomoto.se\/da\/ay70\/  alt=\"L\u00e4s mer om cforce serien\">Link to: AY70<\/a><section  class='av_textblock_section av-jta5gaj0-caf9078c5527ca5cfbbf4120e374d61a '   itemscope=\"itemscope\" itemtype=\"https:\/\/schema.org\/CreativeWork\" ><div class='avia_textblock cfmoto-product-category'  itemprop=\"text\" ><div class=\"cfmoto-product-category-image\"><\/div>\n<h2 class=\"cfmoto-product-text\"><img loading=\"lazy\" decoding=\"async\" class=\"alignnone size-medium wp-image-11023\" src=\"https:\/\/kayomoto.se\/wp-content\/uploads\/2023\/11\/AY70-45gr_utan-skugga-300x200.png\" alt=\"\" width=\"300\" height=\"200\" srcset=\"https:\/\/kayomoto.se\/wp-content\/uploads\/2023\/11\/AY70-45gr_utan-skugga-300x200.png 300w, https:\/\/kayomoto.se\/wp-content\/uploads\/2023\/11\/AY70-45gr_utan-skugga-1030x687.png 1030w, https:\/\/kayomoto.se\/wp-content\/uploads\/2023\/11\/AY70-45gr_utan-skugga-768x512.png 768w, https:\/\/kayomoto.se\/wp-content\/uploads\/2023\/11\/AY70-45gr_utan-skugga-1536x1024.png 1536w, https:\/\/kayomoto.se\/wp-content\/uploads\/2023\/11\/AY70-45gr_utan-skugga-1500x1000.png 1500w, https:\/\/kayomoto.se\/wp-content\/uploads\/2023\/11\/AY70-45gr_utan-skugga-705x470.png 705w, https:\/\/kayomoto.se\/wp-content\/uploads\/2023\/11\/AY70-45gr_utan-skugga.png 1680w\" sizes=\"auto, (max-width: 300px) 100vw, 300px\" \/>AY70<\/h2>\n<\/div><\/section><\/div>\n<style type=\"text\/css\" data-created_by=\"avia_inline_auto\" id=\"style-css-av-amyd7-1f6bb0cb14c7ae9d4c96bb1597d3a0f7\">\n.flex_column.av-amyd7-1f6bb0cb14c7ae9d4c96bb1597d3a0f7{\nborder-radius:0px 0px 0px 0px;\npadding:0px 0px 0px 0px;\n}\n<\/style>\n<div  class='flex_column av-amyd7-1f6bb0cb14c7ae9d4c96bb1597d3a0f7 av_one_fourth  avia-builder-el-11  el_after_av_one_fourth  el_before_av_one_fourth  cfmoto-product-category no_margin flex_column_div av-zero-column-padding avia-full-stretch avia-link-column av-column-link  '    data-link-column-url=\"https:\/\/kayomoto.se\/at110\/\"   ><a class=\"av-screen-reader-only\" href=https:\/\/kayomoto.se\/at110\/  alt=\"L\u00e4s mer om cforce serien\">Link to: AT110<\/a><section  class='av_textblock_section av-l8moyg64-07bd8513543ab01af76bb2c9a00c6b6f '   itemscope=\"itemscope\" itemtype=\"https:\/\/schema.org\/CreativeWork\" ><div class='avia_textblock cfmoto-product-category'  itemprop=\"text\" ><div class=\"cfmoto-product-category-image\"><\/div>\n<h2 class=\"cfmoto-product-text\"><img loading=\"lazy\" decoding=\"async\" class=\"alignnone size-medium wp-image-11024\" src=\"https:\/\/kayomoto.se\/wp-content\/uploads\/2023\/11\/AT110-45_utan-skugga-300x200.png\" alt=\"\" width=\"300\" height=\"200\" srcset=\"https:\/\/kayomoto.se\/wp-content\/uploads\/2023\/11\/AT110-45_utan-skugga-300x200.png 300w, https:\/\/kayomoto.se\/wp-content\/uploads\/2023\/11\/AT110-45_utan-skugga-1030x687.png 1030w, https:\/\/kayomoto.se\/wp-content\/uploads\/2023\/11\/AT110-45_utan-skugga-768x512.png 768w, https:\/\/kayomoto.se\/wp-content\/uploads\/2023\/11\/AT110-45_utan-skugga-1536x1024.png 1536w, https:\/\/kayomoto.se\/wp-content\/uploads\/2023\/11\/AT110-45_utan-skugga-1500x1000.png 1500w, https:\/\/kayomoto.se\/wp-content\/uploads\/2023\/11\/AT110-45_utan-skugga-705x470.png 705w, https:\/\/kayomoto.se\/wp-content\/uploads\/2023\/11\/AT110-45_utan-skugga.png 1680w\" sizes=\"auto, (max-width: 300px) 100vw, 300px\" \/>AT110<\/h2>\n<\/div><\/section><\/div>\n<style type=\"text\/css\" data-created_by=\"avia_inline_auto\" id=\"style-css-av-jta2mhkf-7-e23734c956373c006c369290f5de55e0\">\n.flex_column.av-jta2mhkf-7-e23734c956373c006c369290f5de55e0{\nborder-radius:0px 0px 0px 0px;\npadding:0px 0px 0px 0px;\n}\n<\/style>\n<div  class='flex_column av-jta2mhkf-7-e23734c956373c006c369290f5de55e0 av_one_fourth  avia-builder-el-13  el_after_av_one_fourth  el_before_av_one_fourth  cfmoto-product-category no_margin flex_column_div av-zero-column-padding avia-full-stretch avia-link-column av-column-link  '    data-link-column-url=\"https:\/\/kayomoto.se\/da\/au110\/\"   ><a class=\"av-screen-reader-only\" href=https:\/\/kayomoto.se\/da\/au110\/  alt=\"L\u00e4s mer om uforce serien\">Link to: AU110<\/a><section  class='av_textblock_section av-jta5gaj0-6-5869988805257f7ea8663d2f146491e2 '   itemscope=\"itemscope\" itemtype=\"https:\/\/schema.org\/CreativeWork\" ><div class='avia_textblock cfmoto-product-category'  itemprop=\"text\" ><div class=\"cfmoto-product-category-image\"><\/div>\n<h2 class=\"cfmoto-product-text\"><img loading=\"lazy\" decoding=\"async\" class=\"alignnone size-medium wp-image-11025\" src=\"https:\/\/kayomoto.se\/wp-content\/uploads\/2023\/11\/AU110-45_utan-skugga-300x200.png\" alt=\"\" width=\"300\" height=\"200\" srcset=\"https:\/\/kayomoto.se\/wp-content\/uploads\/2023\/11\/AU110-45_utan-skugga-300x200.png 300w, https:\/\/kayomoto.se\/wp-content\/uploads\/2023\/11\/AU110-45_utan-skugga-1030x687.png 1030w, https:\/\/kayomoto.se\/wp-content\/uploads\/2023\/11\/AU110-45_utan-skugga-768x512.png 768w, https:\/\/kayomoto.se\/wp-content\/uploads\/2023\/11\/AU110-45_utan-skugga-1536x1024.png 1536w, https:\/\/kayomoto.se\/wp-content\/uploads\/2023\/11\/AU110-45_utan-skugga-1500x1000.png 1500w, https:\/\/kayomoto.se\/wp-content\/uploads\/2023\/11\/AU110-45_utan-skugga-705x470.png 705w, https:\/\/kayomoto.se\/wp-content\/uploads\/2023\/11\/AU110-45_utan-skugga.png 1680w\" sizes=\"auto, (max-width: 300px) 100vw, 300px\" \/>AU110<\/h2>\n<\/div><\/section><\/div>\n<style type=\"text\/css\" data-created_by=\"avia_inline_auto\" id=\"style-css-av-jta2mhkf-5-2e673614692cd1498d184f1f9b765803\">\n.flex_column.av-jta2mhkf-5-2e673614692cd1498d184f1f9b765803{\nborder-radius:0px 0px 0px 0px;\npadding:0px 0px 0px 0px;\n}\n<\/style>\n<div  class='flex_column av-jta2mhkf-5-2e673614692cd1498d184f1f9b765803 av_one_fourth  avia-builder-el-15  el_after_av_one_fourth  avia-builder-el-last  cfmoto-product-category no_margin flex_column_div av-zero-column-padding avia-full-stretch avia-link-column av-column-link  '    data-link-column-url=\"https:\/\/kayomoto.se\/da\/au180\/\"   ><a class=\"av-screen-reader-only\" href=https:\/\/kayomoto.se\/da\/au180\/  alt=\"L\u00e4s mer om zforce serien\">Link to: AU180<\/a><section  class='av_textblock_section av-jta5gaj0-4-15b3dc9961ed9ffaef1de91b37852385 '   itemscope=\"itemscope\" itemtype=\"https:\/\/schema.org\/CreativeWork\" ><div class='avia_textblock cfmoto-product-category'  itemprop=\"text\" ><div class=\"cfmoto-product-category-image\"><\/div>\n<h2 class=\"cfmoto-product-text\"><img loading=\"lazy\" decoding=\"async\" class=\"alignnone size-medium wp-image-11026\" src=\"https:\/\/kayomoto.se\/wp-content\/uploads\/2023\/11\/AU180-45_utan-skugga-300x199.png\" alt=\"\" width=\"300\" height=\"199\" srcset=\"https:\/\/kayomoto.se\/wp-content\/uploads\/2023\/11\/AU180-45_utan-skugga-300x199.png 300w, https:\/\/kayomoto.se\/wp-content\/uploads\/2023\/11\/AU180-45_utan-skugga-1030x684.png 1030w, https:\/\/kayomoto.se\/wp-content\/uploads\/2023\/11\/AU180-45_utan-skugga-768x510.png 768w, https:\/\/kayomoto.se\/wp-content\/uploads\/2023\/11\/AU180-45_utan-skugga-1536x1020.png 1536w, https:\/\/kayomoto.se\/wp-content\/uploads\/2023\/11\/AU180-45_utan-skugga-1500x996.png 1500w, https:\/\/kayomoto.se\/wp-content\/uploads\/2023\/11\/AU180-45_utan-skugga-705x468.png 705w, https:\/\/kayomoto.se\/wp-content\/uploads\/2023\/11\/AU180-45_utan-skugga.png 1608w\" sizes=\"auto, (max-width: 300px) 100vw, 300px\" \/>AU180<\/h2>\n<\/div><\/section><\/div>\n","protected":false},"excerpt":{"rendered":"","protected":false},"author":1,"featured_media":0,"parent":0,"menu_order":0,"comment_status":"closed","ping_status":"closed","template":"","meta":{"_acf_changed":false,"inline_featured_image":false,"footnotes":""},"class_list":["post-11079","page","type-page","status-publish","hentry"],"acf":[],"yoast_head":"<!-- This site is optimized with the Yoast SEO plugin v27.4 - https:\/\/yoast.com\/product\/yoast-seo-wordpress\/ -->\n<title>Hitta ATV anpassad efter \u00e5lder och erfarenhetsniv\u00e5 - Kayo<\/title>\n<meta name=\"description\" content=\"V\u00e4lbyggda och prisv\u00e4rda ATVer f\u00f6r unga f\u00f6rare - Hitta r\u00e4tt modell f\u00f6r dig - Fr\u00e5n 70 cc till 180 cc - Provk\u00f6r hos n\u00e4rmaste \u00e5terf\u00f6rs\u00e4ljare\" \/>\n<meta name=\"robots\" content=\"index, follow, max-snippet:-1, max-image-preview:large, max-video-preview:-1\" \/>\n<link rel=\"canonical\" href=\"https:\/\/kayomoto.se\/da\/modeller\/\" \/>\n<meta property=\"og:locale\" content=\"da_DK\" \/>\n<meta property=\"og:type\" content=\"article\" \/>\n<meta property=\"og:title\" content=\"Hitta ATV anpassad efter \u00e5lder och erfarenhetsniv\u00e5 - Kayo\" \/>\n<meta property=\"og:description\" content=\"V\u00e4lbyggda och prisv\u00e4rda ATVer f\u00f6r unga f\u00f6rare - Hitta r\u00e4tt modell f\u00f6r dig - Fr\u00e5n 70 cc till 180 cc - Provk\u00f6r hos n\u00e4rmaste \u00e5terf\u00f6rs\u00e4ljare\" \/>\n<meta property=\"og:url\" content=\"https:\/\/kayomoto.se\/da\/modeller\/\" \/>\n<meta property=\"og:site_name\" content=\"KAYOMOTO\" \/>\n<meta property=\"article:publisher\" content=\"https:\/\/www.facebook.com\/cfmotosverige\/\" \/>\n<meta property=\"article:modified_time\" content=\"2024-03-22T09:35:50+00:00\" \/>\n<meta property=\"og:image\" content=\"https:\/\/kayomoto.se\/wp-content\/uploads\/2023\/11\/AY70-45gr_utan-skugga-300x200.png\" \/>\n<meta name=\"twitter:card\" content=\"summary_large_image\" \/>\n<meta name=\"twitter:label1\" content=\"Estimeret l\u00e6setid\" \/>\n\t<meta name=\"twitter:data1\" content=\"1 minut\" \/>\n<script type=\"application\/ld+json\" class=\"yoast-schema-graph\">{\"@context\":\"https:\\\/\\\/schema.org\",\"@graph\":[{\"@type\":\"WebPage\",\"@id\":\"https:\\\/\\\/kayomoto.se\\\/da\\\/modeller\\\/\",\"url\":\"https:\\\/\\\/kayomoto.se\\\/da\\\/modeller\\\/\",\"name\":\"Hitta ATV anpassad efter \u00e5lder och erfarenhetsniv\u00e5 - Kayo\",\"isPartOf\":{\"@id\":\"https:\\\/\\\/kayomoto.se\\\/#website\"},\"primaryImageOfPage\":{\"@id\":\"https:\\\/\\\/kayomoto.se\\\/da\\\/modeller\\\/#primaryimage\"},\"image\":{\"@id\":\"https:\\\/\\\/kayomoto.se\\\/da\\\/modeller\\\/#primaryimage\"},\"thumbnailUrl\":\"https:\\\/\\\/kayomoto.se\\\/wp-content\\\/uploads\\\/2023\\\/11\\\/AY70-45gr_utan-skugga-300x200.png\",\"datePublished\":\"2019-03-19T15:18:37+00:00\",\"dateModified\":\"2024-03-22T09:35:50+00:00\",\"description\":\"V\u00e4lbyggda och prisv\u00e4rda ATVer f\u00f6r unga f\u00f6rare - Hitta r\u00e4tt modell f\u00f6r dig - Fr\u00e5n 70 cc till 180 cc - Provk\u00f6r hos n\u00e4rmaste \u00e5terf\u00f6rs\u00e4ljare\",\"breadcrumb\":{\"@id\":\"https:\\\/\\\/kayomoto.se\\\/da\\\/modeller\\\/#breadcrumb\"},\"inLanguage\":\"da-DK\",\"potentialAction\":[{\"@type\":\"ReadAction\",\"target\":[\"https:\\\/\\\/kayomoto.se\\\/da\\\/modeller\\\/\"]}]},{\"@type\":\"ImageObject\",\"inLanguage\":\"da-DK\",\"@id\":\"https:\\\/\\\/kayomoto.se\\\/da\\\/modeller\\\/#primaryimage\",\"url\":\"https:\\\/\\\/kayomoto.se\\\/wp-content\\\/uploads\\\/2023\\\/11\\\/AY70-45gr_utan-skugga-300x200.png\",\"contentUrl\":\"https:\\\/\\\/kayomoto.se\\\/wp-content\\\/uploads\\\/2023\\\/11\\\/AY70-45gr_utan-skugga-300x200.png\"},{\"@type\":\"BreadcrumbList\",\"@id\":\"https:\\\/\\\/kayomoto.se\\\/da\\\/modeller\\\/#breadcrumb\",\"itemListElement\":[{\"@type\":\"ListItem\",\"position\":1,\"name\":\"Hem\",\"item\":\"https:\\\/\\\/kayomoto.se\\\/da\\\/\"},{\"@type\":\"ListItem\",\"position\":2,\"name\":\"Modeller\"}]},{\"@type\":\"WebSite\",\"@id\":\"https:\\\/\\\/kayomoto.se\\\/#website\",\"url\":\"https:\\\/\\\/kayomoto.se\\\/\",\"name\":\"CFMOTO\",\"description\":\"\",\"potentialAction\":[{\"@type\":\"SearchAction\",\"target\":{\"@type\":\"EntryPoint\",\"urlTemplate\":\"https:\\\/\\\/kayomoto.se\\\/?s={search_term_string}\"},\"query-input\":{\"@type\":\"PropertyValueSpecification\",\"valueRequired\":true,\"valueName\":\"search_term_string\"}}],\"inLanguage\":\"da-DK\"}]}<\/script>\n<!-- \/ Yoast SEO plugin. -->","yoast_head_json":{"title":"Hitta ATV anpassad efter \u00e5lder och erfarenhetsniv\u00e5 - Kayo","description":"V\u00e4lbyggda och prisv\u00e4rda ATVer f\u00f6r unga f\u00f6rare - Hitta r\u00e4tt modell f\u00f6r dig - Fr\u00e5n 70 cc till 180 cc - Provk\u00f6r hos n\u00e4rmaste \u00e5terf\u00f6rs\u00e4ljare","robots":{"index":"index","follow":"follow","max-snippet":"max-snippet:-1","max-image-preview":"max-image-preview:large","max-video-preview":"max-video-preview:-1"},"canonical":"https:\/\/kayomoto.se\/da\/modeller\/","og_locale":"da_DK","og_type":"article","og_title":"Hitta ATV anpassad efter \u00e5lder och erfarenhetsniv\u00e5 - Kayo","og_description":"V\u00e4lbyggda och prisv\u00e4rda ATVer f\u00f6r unga f\u00f6rare - Hitta r\u00e4tt modell f\u00f6r dig - Fr\u00e5n 70 cc till 180 cc - Provk\u00f6r hos n\u00e4rmaste \u00e5terf\u00f6rs\u00e4ljare","og_url":"https:\/\/kayomoto.se\/da\/modeller\/","og_site_name":"KAYOMOTO","article_publisher":"https:\/\/www.facebook.com\/cfmotosverige\/","article_modified_time":"2024-03-22T09:35:50+00:00","og_image":[{"url":"https:\/\/kayomoto.se\/wp-content\/uploads\/2023\/11\/AY70-45gr_utan-skugga-300x200.png","type":"","width":"","height":""}],"twitter_card":"summary_large_image","twitter_misc":{"Estimeret l\u00e6setid":"1 minut"},"schema":{"@context":"https:\/\/schema.org","@graph":[{"@type":"WebPage","@id":"https:\/\/kayomoto.se\/da\/modeller\/","url":"https:\/\/kayomoto.se\/da\/modeller\/","name":"Hitta ATV anpassad efter \u00e5lder och erfarenhetsniv\u00e5 - Kayo","isPartOf":{"@id":"https:\/\/kayomoto.se\/#website"},"primaryImageOfPage":{"@id":"https:\/\/kayomoto.se\/da\/modeller\/#primaryimage"},"image":{"@id":"https:\/\/kayomoto.se\/da\/modeller\/#primaryimage"},"thumbnailUrl":"https:\/\/kayomoto.se\/wp-content\/uploads\/2023\/11\/AY70-45gr_utan-skugga-300x200.png","datePublished":"2019-03-19T15:18:37+00:00","dateModified":"2024-03-22T09:35:50+00:00","description":"V\u00e4lbyggda och prisv\u00e4rda ATVer f\u00f6r unga f\u00f6rare - Hitta r\u00e4tt modell f\u00f6r dig - Fr\u00e5n 70 cc till 180 cc - Provk\u00f6r hos n\u00e4rmaste \u00e5terf\u00f6rs\u00e4ljare","breadcrumb":{"@id":"https:\/\/kayomoto.se\/da\/modeller\/#breadcrumb"},"inLanguage":"da-DK","potentialAction":[{"@type":"ReadAction","target":["https:\/\/kayomoto.se\/da\/modeller\/"]}]},{"@type":"ImageObject","inLanguage":"da-DK","@id":"https:\/\/kayomoto.se\/da\/modeller\/#primaryimage","url":"https:\/\/kayomoto.se\/wp-content\/uploads\/2023\/11\/AY70-45gr_utan-skugga-300x200.png","contentUrl":"https:\/\/kayomoto.se\/wp-content\/uploads\/2023\/11\/AY70-45gr_utan-skugga-300x200.png"},{"@type":"BreadcrumbList","@id":"https:\/\/kayomoto.se\/da\/modeller\/#breadcrumb","itemListElement":[{"@type":"ListItem","position":1,"name":"Hem","item":"https:\/\/kayomoto.se\/da\/"},{"@type":"ListItem","position":2,"name":"Modeller"}]},{"@type":"WebSite","@id":"https:\/\/kayomoto.se\/#website","url":"https:\/\/kayomoto.se\/","name":"CFMOTO","description":"","potentialAction":[{"@type":"SearchAction","target":{"@type":"EntryPoint","urlTemplate":"https:\/\/kayomoto.se\/?s={search_term_string}"},"query-input":{"@type":"PropertyValueSpecification","valueRequired":true,"valueName":"search_term_string"}}],"inLanguage":"da-DK"}]}},"_links":{"self":[{"href":"https:\/\/kayomoto.se\/da\/wp-json\/wp\/v2\/pages\/11079","targetHints":{"allow":["GET"]}}],"collection":[{"href":"https:\/\/kayomoto.se\/da\/wp-json\/wp\/v2\/pages"}],"about":[{"href":"https:\/\/kayomoto.se\/da\/wp-json\/wp\/v2\/types\/page"}],"author":[{"embeddable":true,"href":"https:\/\/kayomoto.se\/da\/wp-json\/wp\/v2\/users\/1"}],"replies":[{"embeddable":true,"href":"https:\/\/kayomoto.se\/da\/wp-json\/wp\/v2\/comments?post=11079"}],"version-history":[{"count":3,"href":"https:\/\/kayomoto.se\/da\/wp-json\/wp\/v2\/pages\/11079\/revisions"}],"predecessor-version":[{"id":11154,"href":"https:\/\/kayomoto.se\/da\/wp-json\/wp\/v2\/pages\/11079\/revisions\/11154"}],"wp:attachment":[{"href":"https:\/\/kayomoto.se\/da\/wp-json\/wp\/v2\/media?parent=11079"}],"curies":[{"name":"wp","href":"https:\/\/api.w.org\/{rel}","templated":true}]}}