{"id":11077,"date":"2019-03-19T15:20:27","date_gmt":"2019-03-19T15:20:27","guid":{"rendered":"https:\/\/kayomoto.se\/om-kayomoto\/"},"modified":"2024-03-22T09:31:22","modified_gmt":"2024-03-22T09:31:22","slug":"om-kayomoto","status":"publish","type":"page","link":"https:\/\/kayomoto.se\/da\/om-kayomoto\/","title":{"rendered":"Om KAYOMOTO"},"content":{"rendered":"\n<style type=\"text\/css\" data-created_by=\"avia_inline_auto\" id=\"style-css-av-6k08r-55635432b5f38efc2af6e294c56c4df6\">\n.avia-section.av-6k08r-55635432b5f38efc2af6e294c56c4df6 .av-parallax .av-parallax-inner{\nbackground-repeat:no-repeat;\nbackground-image:url(https:\/\/kayomoto.se\/wp-content\/uploads\/2023\/11\/Kayo-Banner-scaled.jpg);\nbackground-position:50% 0%;\nbackground-attachment:scroll;\n}\n.avia-section.av-6k08r-55635432b5f38efc2af6e294c56c4df6 .av-section-color-overlay{\nopacity:0.2;\nbackground-color:#020202;\n}\n<\/style>\n<div id='av_section_1'  class='avia-section av-6k08r-55635432b5f38efc2af6e294c56c4df6 main_color avia-section-default avia-no-border-styling  avia-builder-el-0  el_before_av_section  avia-builder-el-first  top-section avia-full-stretch av-parallax-section avia-bg-style-parallax av-section-color-overlay-active container_wrap fullsize'  data-section-bg-repeat='stretch'><div class='av-parallax' data-avia-parallax-ratio='0.3' ><div class='av-parallax-inner main_color avia-full-stretch'><\/div><\/div><div class=\"av-section-color-overlay-wrap\"><div class=\"av-section-color-overlay\"><\/div><div class='container av-section-cont-open' ><main  role=\"main\" itemprop=\"mainContentOfPage\"  class='template-page content  av-content-full alpha units'><div class='post-entry post-entry-type-page post-entry-11077'><div class='entry-content-wrapper clearfix'>\n<div class='flex_column_table av-jtid3z5d-d828a952336e5ed286aa3025ec7124a1 sc-av_one_full av-equal-height-column-flextable'>\n<style type=\"text\/css\" data-created_by=\"avia_inline_auto\" id=\"style-css-av-jtid3z5d-d828a952336e5ed286aa3025ec7124a1\">\n.flex_column.av-jtid3z5d-d828a952336e5ed286aa3025ec7124a1{\nborder-radius:0px 0px 0px 0px;\npadding:0px 0px 0px 0px;\n}\n<\/style>\n<div  class='flex_column av-jtid3z5d-d828a952336e5ed286aa3025ec7124a1 av_one_full  avia-builder-el-1  avia-builder-el-no-sibling  first no_margin flex_column_table_cell av-equal-height-column av-align-middle av-zero-column-padding  '     ><section  class='av_textblock_section av-jtiag8n0-8278b5b62fb8ceca7b4c582c1413727d '   itemscope=\"itemscope\" itemtype=\"https:\/\/schema.org\/CreativeWork\" ><div class='avia_textblock'  itemprop=\"text\" ><h1 style=\"text-align: center;\">KAYO RACING<\/h1>\n<\/div><\/section><\/div><\/div><!--close column table wrapper. Autoclose: 1 -->\n\n<\/div><\/div><\/main><!-- close content main element --><\/div><\/div><\/div>\n<style type=\"text\/css\" data-created_by=\"avia_inline_auto\" id=\"style-css-av-jtpi0ic0-e9f4e9bdb4b2b71cbb82ca825d4a3bc9\">\n.avia-section.av-jtpi0ic0-e9f4e9bdb4b2b71cbb82ca825d4a3bc9{\nmargin-top:0px;\nmargin-bottom:0px;\n}\n<\/style>\n<div id='av_section_2'  class='avia-section av-jtpi0ic0-e9f4e9bdb4b2b71cbb82ca825d4a3bc9 main_color avia-section-large avia-no-border-styling  avia-builder-el-3  el_after_av_section  el_before_av_section  cfmoto-content-section avia-bg-style-scroll container_wrap fullsize'  ><div class='container av-section-cont-open' ><div class='template-page content  av-content-full alpha units'><div class='post-entry post-entry-type-page post-entry-11077'><div class='entry-content-wrapper clearfix'>\n<div class='flex_column_table av-jtpg8rxy-6611fe8a820e8c0634df824250b99b27 sc-av_one_half av-equal-height-column-flextable'>\n<style type=\"text\/css\" data-created_by=\"avia_inline_auto\" id=\"style-css-av-jtpg8rxy-6611fe8a820e8c0634df824250b99b27\">\n.flex_column.av-jtpg8rxy-6611fe8a820e8c0634df824250b99b27{\nborder-radius:0px 0px 0px 0px;\npadding:0 0 0 0;\n}\n<\/style>\n<div  class='flex_column av-jtpg8rxy-6611fe8a820e8c0634df824250b99b27 av_one_half  avia-builder-el-4  el_before_av_one_half  avia-builder-el-first  first flex_column_table_cell av-equal-height-column av-align-middle av-zero-column-padding  '     ><section  class='av_textblock_section av-jwhs56q4-48764d32de2fbef155949924a9e44402 '   itemscope=\"itemscope\" itemtype=\"https:\/\/schema.org\/CreativeWork\" ><div class='avia_textblock cfmoto-blue-brackets'  itemprop=\"text\" ><h2 style=\"text-align: left;\">OM OS<\/h2>\n<\/div><\/section><br \/>\n<section  class='av_textblock_section av-jtpg12wa-c249a9b5e6f6e65995803ce7a4aad662 '   itemscope=\"itemscope\" itemtype=\"https:\/\/schema.org\/CreativeWork\" ><div class='avia_textblock'  itemprop=\"text\" ><p class=\"p1\">Siden 2002 har Kayo produceret velbyggede kvalitets ATVer til overkommelige priser, efter de identificerede et uopdyrket marked herfor. I starten udelukkende til det Europ\u00e6iske marked, men eftersp\u00f8rgsle steg og ligedan gjorde s\u00e5 udbredelsen andre steder i verden.<\/p>\n<p class=\"p1\">I dag producere vi over 50.000 maskiner om \u00e5ret og disse leveres ud til alle verdens hj\u00f8rner.<br \/>\nOg selvom meget har forandret sig gennem \u00e5rene, s\u00e5 har vi ikke afviget fra vores oprindelige m\u00e5l, &#8211; nemlig at levere exceptionelt god kvalitet til en rimleig pris.<\/p>\n<\/div><\/section><\/p><\/div><div class='av-flex-placeholder'><\/div><div  class='flex_column av-8ddn5-ec02d753176607e6973dc4c5601fe17d av_one_half  avia-builder-el-7  el_after_av_one_half  avia-builder-el-last  flex_column_table_cell av-equal-height-column av-align-middle  '     ><style type=\"text\/css\" data-created_by=\"avia_inline_auto\" id=\"style-css-av-loseu18r-48f8804cc2bc19ed4685081c630b0c8a\">\n.avia-image-container.av-loseu18r-48f8804cc2bc19ed4685081c630b0c8a img.avia_image{\nbox-shadow:none;\n}\n.avia-image-container.av-loseu18r-48f8804cc2bc19ed4685081c630b0c8a .av-image-caption-overlay-center{\ncolor:#ffffff;\n}\n<\/style>\n<div  class='avia-image-container av-loseu18r-48f8804cc2bc19ed4685081c630b0c8a av-styling- avia-align-center  avia-builder-el-8  avia-builder-el-no-sibling '   itemprop=\"image\" itemscope=\"itemscope\" itemtype=\"https:\/\/schema.org\/ImageObject\" ><div class=\"avia-image-container-inner\"><div class=\"avia-image-overlay-wrap\"><img decoding=\"async\" fetchpriority=\"high\" class='wp-image-11019 avia-img-lazy-loading-not-11019 avia_image ' src=\"https:\/\/kayomoto.se\/wp-content\/uploads\/2023\/11\/Kayo-Om-oss-1030x1030.jpg\" alt='' title='Kayo Om oss'  height=\"1030\" width=\"1030\"  itemprop=\"thumbnailUrl\" srcset=\"https:\/\/kayomoto.se\/wp-content\/uploads\/2023\/11\/Kayo-Om-oss-1030x1030.jpg 1030w, https:\/\/kayomoto.se\/wp-content\/uploads\/2023\/11\/Kayo-Om-oss-300x300.jpg 300w, https:\/\/kayomoto.se\/wp-content\/uploads\/2023\/11\/Kayo-Om-oss-80x80.jpg 80w, https:\/\/kayomoto.se\/wp-content\/uploads\/2023\/11\/Kayo-Om-oss-768x768.jpg 768w, https:\/\/kayomoto.se\/wp-content\/uploads\/2023\/11\/Kayo-Om-oss-1536x1536.jpg 1536w, https:\/\/kayomoto.se\/wp-content\/uploads\/2023\/11\/Kayo-Om-oss-2048x2048.jpg 2048w, https:\/\/kayomoto.se\/wp-content\/uploads\/2023\/11\/Kayo-Om-oss-36x36.jpg 36w, https:\/\/kayomoto.se\/wp-content\/uploads\/2023\/11\/Kayo-Om-oss-180x180.jpg 180w, https:\/\/kayomoto.se\/wp-content\/uploads\/2023\/11\/Kayo-Om-oss-1500x1500.jpg 1500w, https:\/\/kayomoto.se\/wp-content\/uploads\/2023\/11\/Kayo-Om-oss-705x705.jpg 705w\" sizes=\"(max-width: 1030px) 100vw, 1030px\" \/><\/div><\/div><\/div><\/div><\/div><!--close column table wrapper. Autoclose: 1 --><\/div><\/div><\/div><!-- close content main div --><\/div><\/div>\n<style type=\"text\/css\" data-created_by=\"avia_inline_auto\" id=\"style-css-av-jtd1ffya-fd41b96cabf9309a1811b316e6b98469\">\n.avia-section.av-jtd1ffya-fd41b96cabf9309a1811b316e6b98469{\nbackground-color:#ffffff;\nbackground-image:unset;\n}\n<\/style>\n<div id='av_section_3'  class='avia-section av-jtd1ffya-fd41b96cabf9309a1811b316e6b98469 main_color avia-section-no-padding avia-no-border-styling  avia-builder-el-9  el_after_av_section  avia-builder-el-last  social-media-wrapper avia-bg-style-scroll container_wrap fullsize'  ><div class='container av-section-cont-open' ><div class='template-page content  av-content-full alpha units'><div class='post-entry post-entry-type-page post-entry-11077'><div class='entry-content-wrapper clearfix'>\n\n<style type=\"text\/css\" data-created_by=\"avia_inline_auto\" id=\"style-css-av-ju2ltgjq-6f3e6c9662ceb740cc57882f022b0957\">\n.flex_column.av-ju2ltgjq-6f3e6c9662ceb740cc57882f022b0957{\nborder-radius:0px 0px 0px 0px;\npadding:0px 10% 0px 10%;\n}\n<\/style>\n<div  class='flex_column av-ju2ltgjq-6f3e6c9662ceb740cc57882f022b0957 av_one_full  avia-builder-el-10  avia-builder-el-no-sibling  first flex_column_div  '     ><section  class='av_textblock_section av-jta5gaj0-fb8f4038574485a5a791e508aa00a7cd '   itemscope=\"itemscope\" itemtype=\"https:\/\/schema.org\/CreativeWork\" ><div class='avia_textblock'  itemprop=\"text\" ><h2 style=\"text-align: center;\">F\u00f8lg os p\u00e5 de sociale medier!<\/h2>\n<\/div><\/section><br \/>\n<section  class='av_textblock_section av-jta5gaj0-2-7be0abe3d9e6697dc9da977101d96bf1 '   itemscope=\"itemscope\" itemtype=\"https:\/\/schema.org\/CreativeWork\" ><div class='avia_textblock social-media-container'  itemprop=\"text\" ><ul class=\"social-media\">\n<li><a href=\"https:\/\/www.instagram.com\/kayomoto.official\/\" target=\"_blank\" rel=\"noopener\"><img decoding=\"async\" class=\"alignnone size-full wp-image-381 instagram-icon\" style=\"width: 100px; height: 100px;\" src=\"https:\/\/kayomoto.se\/wp-content\/uploads\/2019\/04\/instagram.svg\" alt=\"\" \/><\/a><\/li>\n<li><a href=\"https:\/\/www.facebook.com\/kayomoto.official\/\" target=\"_blank\" rel=\"noopener\"><img loading=\"lazy\" decoding=\"async\" class=\"facebook-icon alignnone wp-image-378 size-full\" style=\"width: 100px; height: 100px;\" src=\"https:\/\/kayomoto.se\/wp-content\/uploads\/2019\/04\/facebook.svg\" alt=\"\" width=\"82\" height=\"82\" \/><\/a><\/li>\n<li><a href=\"https:\/\/www.youtube.com\/@kayomoto970\" target=\"_blank\" rel=\"noopener\"><img decoding=\"async\" class=\"alignnone size-full wp-image-384 youtube-icon\" style=\"width: 100px; height: 100px;\" src=\"https:\/\/kayomoto.se\/wp-content\/uploads\/2019\/04\/youtube.svg\" alt=\"\" \/><\/a><\/li>\n<\/ul>\n<\/div><\/section><br \/>\n<section  class='av_textblock_section av-jta5gaj0-1-42b9b4abd5f6edc1995c3f07d40ab9f1 '   itemscope=\"itemscope\" itemtype=\"https:\/\/schema.org\/CreativeWork\" ><div class='avia_textblock'  itemprop=\"text\" ><p>[instagram-feed feed=1]<\/p>\n<\/div><\/section><\/p><\/div><\/p>\n","protected":false},"excerpt":{"rendered":"","protected":false},"author":1,"featured_media":0,"parent":0,"menu_order":0,"comment_status":"closed","ping_status":"closed","template":"","meta":{"_acf_changed":false,"inline_featured_image":false,"footnotes":""},"class_list":["post-11077","page","type-page","status-publish","hentry"],"acf":[],"yoast_head":"<!-- This site is optimized with the Yoast SEO plugin v27.4 - https:\/\/yoast.com\/product\/yoast-seo-wordpress\/ -->\n<title>Om KAYOMOTO &#8212; KAYOMOTO<\/title>\n<meta name=\"robots\" content=\"index, follow, max-snippet:-1, max-image-preview:large, max-video-preview:-1\" \/>\n<link rel=\"canonical\" href=\"https:\/\/kayomoto.se\/da\/om-kayomoto\/\" \/>\n<meta property=\"og:locale\" content=\"da_DK\" \/>\n<meta property=\"og:type\" content=\"article\" \/>\n<meta property=\"og:title\" content=\"Om KAYOMOTO &#8212; KAYOMOTO\" \/>\n<meta property=\"og:url\" content=\"https:\/\/kayomoto.se\/da\/om-kayomoto\/\" \/>\n<meta property=\"og:site_name\" content=\"KAYOMOTO\" \/>\n<meta property=\"article:publisher\" content=\"https:\/\/www.facebook.com\/cfmotosverige\/\" \/>\n<meta property=\"article:modified_time\" content=\"2024-03-22T09:31:22+00:00\" \/>\n<meta property=\"og:image\" content=\"https:\/\/kayomoto.se\/wp-content\/uploads\/2019\/04\/instagram.svg\" \/>\n<meta name=\"twitter:card\" content=\"summary_large_image\" \/>\n<meta name=\"twitter:label1\" content=\"Estimeret l\u00e6setid\" \/>\n\t<meta name=\"twitter:data1\" content=\"2 minutter\" \/>\n<script type=\"application\/ld+json\" class=\"yoast-schema-graph\">{\"@context\":\"https:\\\/\\\/schema.org\",\"@graph\":[{\"@type\":\"WebPage\",\"@id\":\"https:\\\/\\\/kayomoto.se\\\/da\\\/om-kayomoto\\\/\",\"url\":\"https:\\\/\\\/kayomoto.se\\\/da\\\/om-kayomoto\\\/\",\"name\":\"Om KAYOMOTO &#8212; KAYOMOTO\",\"isPartOf\":{\"@id\":\"https:\\\/\\\/kayomoto.se\\\/#website\"},\"primaryImageOfPage\":{\"@id\":\"https:\\\/\\\/kayomoto.se\\\/da\\\/om-kayomoto\\\/#primaryimage\"},\"image\":{\"@id\":\"https:\\\/\\\/kayomoto.se\\\/da\\\/om-kayomoto\\\/#primaryimage\"},\"thumbnailUrl\":\"https:\\\/\\\/kayomoto.se\\\/wp-content\\\/uploads\\\/2019\\\/04\\\/instagram.svg\",\"datePublished\":\"2019-03-19T15:20:27+00:00\",\"dateModified\":\"2024-03-22T09:31:22+00:00\",\"breadcrumb\":{\"@id\":\"https:\\\/\\\/kayomoto.se\\\/da\\\/om-kayomoto\\\/#breadcrumb\"},\"inLanguage\":\"da-DK\",\"potentialAction\":[{\"@type\":\"ReadAction\",\"target\":[\"https:\\\/\\\/kayomoto.se\\\/da\\\/om-kayomoto\\\/\"]}]},{\"@type\":\"ImageObject\",\"inLanguage\":\"da-DK\",\"@id\":\"https:\\\/\\\/kayomoto.se\\\/da\\\/om-kayomoto\\\/#primaryimage\",\"url\":\"https:\\\/\\\/kayomoto.se\\\/wp-content\\\/uploads\\\/2019\\\/04\\\/instagram.svg\",\"contentUrl\":\"https:\\\/\\\/kayomoto.se\\\/wp-content\\\/uploads\\\/2019\\\/04\\\/instagram.svg\"},{\"@type\":\"BreadcrumbList\",\"@id\":\"https:\\\/\\\/kayomoto.se\\\/da\\\/om-kayomoto\\\/#breadcrumb\",\"itemListElement\":[{\"@type\":\"ListItem\",\"position\":1,\"name\":\"Hem\",\"item\":\"https:\\\/\\\/kayomoto.se\\\/da\\\/\"},{\"@type\":\"ListItem\",\"position\":2,\"name\":\"Om KAYOMOTO\"}]},{\"@type\":\"WebSite\",\"@id\":\"https:\\\/\\\/kayomoto.se\\\/#website\",\"url\":\"https:\\\/\\\/kayomoto.se\\\/\",\"name\":\"CFMOTO\",\"description\":\"\",\"potentialAction\":[{\"@type\":\"SearchAction\",\"target\":{\"@type\":\"EntryPoint\",\"urlTemplate\":\"https:\\\/\\\/kayomoto.se\\\/?s={search_term_string}\"},\"query-input\":{\"@type\":\"PropertyValueSpecification\",\"valueRequired\":true,\"valueName\":\"search_term_string\"}}],\"inLanguage\":\"da-DK\"}]}<\/script>\n<!-- \/ Yoast SEO plugin. -->","yoast_head_json":{"title":"Om KAYOMOTO &#8212; KAYOMOTO","robots":{"index":"index","follow":"follow","max-snippet":"max-snippet:-1","max-image-preview":"max-image-preview:large","max-video-preview":"max-video-preview:-1"},"canonical":"https:\/\/kayomoto.se\/da\/om-kayomoto\/","og_locale":"da_DK","og_type":"article","og_title":"Om KAYOMOTO &#8212; KAYOMOTO","og_url":"https:\/\/kayomoto.se\/da\/om-kayomoto\/","og_site_name":"KAYOMOTO","article_publisher":"https:\/\/www.facebook.com\/cfmotosverige\/","article_modified_time":"2024-03-22T09:31:22+00:00","og_image":[{"url":"https:\/\/kayomoto.se\/wp-content\/uploads\/2019\/04\/instagram.svg","type":"","width":"","height":""}],"twitter_card":"summary_large_image","twitter_misc":{"Estimeret l\u00e6setid":"2 minutter"},"schema":{"@context":"https:\/\/schema.org","@graph":[{"@type":"WebPage","@id":"https:\/\/kayomoto.se\/da\/om-kayomoto\/","url":"https:\/\/kayomoto.se\/da\/om-kayomoto\/","name":"Om KAYOMOTO &#8212; KAYOMOTO","isPartOf":{"@id":"https:\/\/kayomoto.se\/#website"},"primaryImageOfPage":{"@id":"https:\/\/kayomoto.se\/da\/om-kayomoto\/#primaryimage"},"image":{"@id":"https:\/\/kayomoto.se\/da\/om-kayomoto\/#primaryimage"},"thumbnailUrl":"https:\/\/kayomoto.se\/wp-content\/uploads\/2019\/04\/instagram.svg","datePublished":"2019-03-19T15:20:27+00:00","dateModified":"2024-03-22T09:31:22+00:00","breadcrumb":{"@id":"https:\/\/kayomoto.se\/da\/om-kayomoto\/#breadcrumb"},"inLanguage":"da-DK","potentialAction":[{"@type":"ReadAction","target":["https:\/\/kayomoto.se\/da\/om-kayomoto\/"]}]},{"@type":"ImageObject","inLanguage":"da-DK","@id":"https:\/\/kayomoto.se\/da\/om-kayomoto\/#primaryimage","url":"https:\/\/kayomoto.se\/wp-content\/uploads\/2019\/04\/instagram.svg","contentUrl":"https:\/\/kayomoto.se\/wp-content\/uploads\/2019\/04\/instagram.svg"},{"@type":"BreadcrumbList","@id":"https:\/\/kayomoto.se\/da\/om-kayomoto\/#breadcrumb","itemListElement":[{"@type":"ListItem","position":1,"name":"Hem","item":"https:\/\/kayomoto.se\/da\/"},{"@type":"ListItem","position":2,"name":"Om KAYOMOTO"}]},{"@type":"WebSite","@id":"https:\/\/kayomoto.se\/#website","url":"https:\/\/kayomoto.se\/","name":"CFMOTO","description":"","potentialAction":[{"@type":"SearchAction","target":{"@type":"EntryPoint","urlTemplate":"https:\/\/kayomoto.se\/?s={search_term_string}"},"query-input":{"@type":"PropertyValueSpecification","valueRequired":true,"valueName":"search_term_string"}}],"inLanguage":"da-DK"}]}},"_links":{"self":[{"href":"https:\/\/kayomoto.se\/da\/wp-json\/wp\/v2\/pages\/11077","targetHints":{"allow":["GET"]}}],"collection":[{"href":"https:\/\/kayomoto.se\/da\/wp-json\/wp\/v2\/pages"}],"about":[{"href":"https:\/\/kayomoto.se\/da\/wp-json\/wp\/v2\/types\/page"}],"author":[{"embeddable":true,"href":"https:\/\/kayomoto.se\/da\/wp-json\/wp\/v2\/users\/1"}],"replies":[{"embeddable":true,"href":"https:\/\/kayomoto.se\/da\/wp-json\/wp\/v2\/comments?post=11077"}],"version-history":[{"count":2,"href":"https:\/\/kayomoto.se\/da\/wp-json\/wp\/v2\/pages\/11077\/revisions"}],"predecessor-version":[{"id":11147,"href":"https:\/\/kayomoto.se\/da\/wp-json\/wp\/v2\/pages\/11077\/revisions\/11147"}],"wp:attachment":[{"href":"https:\/\/kayomoto.se\/da\/wp-json\/wp\/v2\/media?parent=11077"}],"curies":[{"name":"wp","href":"https:\/\/api.w.org\/{rel}","templated":true}]}}