{"id":11069,"date":"2023-11-10T07:10:15","date_gmt":"2023-11-10T07:10:15","guid":{"rendered":"https:\/\/kayomoto.se\/ay70\/"},"modified":"2024-04-10T11:16:51","modified_gmt":"2024-04-10T11:16:51","slug":"ay70","status":"publish","type":"page","link":"https:\/\/kayomoto.se\/da\/ay70\/","title":{"rendered":"AY70"},"content":{"rendered":"\n<style type=\"text\/css\" data-created_by=\"avia_inline_auto\" id=\"style-css-av-6k08r-a39c42aea172854e802feb27da2e83d2\">\n.avia-section.av-6k08r-a39c42aea172854e802feb27da2e83d2 .av-parallax .av-parallax-inner{\nbackground-repeat:no-repeat;\nbackground-image:url(https:\/\/kayomoto.se\/wp-content\/uploads\/2023\/11\/hemsida_beskuren-1500x614.png);\nbackground-position:50% 0%;\nbackground-attachment:scroll;\n}\n.avia-section.av-6k08r-a39c42aea172854e802feb27da2e83d2 .av-section-color-overlay{\nopacity:0.2;\nbackground-color:#020202;\n}\n<\/style>\n<div id='av_section_1'  class='avia-section av-6k08r-a39c42aea172854e802feb27da2e83d2 main_color avia-section-default avia-no-border-styling  avia-builder-el-0  el_before_av_section  avia-builder-el-first  top-section avia-full-stretch av-parallax-section avia-bg-style-parallax av-section-color-overlay-active container_wrap fullsize'  data-section-bg-repeat='stretch'><div class='av-parallax' data-avia-parallax-ratio='0.3' ><div class='av-parallax-inner main_color avia-full-stretch'><\/div><\/div><div class=\"av-section-color-overlay-wrap\"><div class=\"av-section-color-overlay\"><\/div><div class='container av-section-cont-open' ><main  role=\"main\" itemprop=\"mainContentOfPage\"  class='template-page content  av-content-full alpha units'><div class='post-entry post-entry-type-page post-entry-11069'><div class='entry-content-wrapper clearfix'>\n<div class='flex_column_table av-jtid3z5d-d828a952336e5ed286aa3025ec7124a1 sc-av_one_full av-equal-height-column-flextable'>\n<style type=\"text\/css\" data-created_by=\"avia_inline_auto\" id=\"style-css-av-jtid3z5d-d828a952336e5ed286aa3025ec7124a1\">\n.flex_column.av-jtid3z5d-d828a952336e5ed286aa3025ec7124a1{\nborder-radius:0px 0px 0px 0px;\npadding:0px 0px 0px 0px;\n}\n<\/style>\n<div  class='flex_column av-jtid3z5d-d828a952336e5ed286aa3025ec7124a1 av_one_full  avia-builder-el-1  avia-builder-el-no-sibling  first no_margin flex_column_table_cell av-equal-height-column av-align-middle av-zero-column-padding  '     ><section  class='av_textblock_section av-jtiag8n0-8278b5b62fb8ceca7b4c582c1413727d '   itemscope=\"itemscope\" itemtype=\"https:\/\/schema.org\/CreativeWork\" ><div class='avia_textblock'  itemprop=\"text\" ><h1 style=\"text-align: center;\">AY70<\/h1>\n<\/div><\/section><\/div><\/div><!--close column table wrapper. Autoclose: 1 -->\n\n<\/div><\/div><\/main><!-- close content main element --><\/div><\/div><\/div><div id='av_section_2'  class='avia-section av-jtigft56-7a0212fa54e729392237b48b15fa4d4d main_color avia-section-default avia-no-border-styling  avia-builder-el-3  el_after_av_section  el_before_av_section  cfmoto-product-overview cfmoto-content-section avia-bg-style-scroll container_wrap fullsize'  ><div class='container av-section-cont-open' ><div class='template-page content  av-content-full alpha units'><div class='post-entry post-entry-type-page post-entry-11069'><div class='entry-content-wrapper clearfix'>\n\n<style type=\"text\/css\" data-created_by=\"avia_inline_auto\" id=\"style-css-av-moejq-19a125424028a7d4dbea0750edfd73da\">\n.flex_column.av-moejq-19a125424028a7d4dbea0750edfd73da{\nborder-radius:0px 0px 0px 0px;\npadding:0px 0px 0px 0px;\n}\n<\/style>\n<div  class='flex_column av-moejq-19a125424028a7d4dbea0750edfd73da av_one_half  avia-builder-el-4  el_before_av_one_half  avia-builder-el-first  first flex_column_div av-zero-column-padding  '     ><section  class='av_textblock_section av-jtigcf4c-f28ab61254b4e545bfb840d684c68ad0 '   itemscope=\"itemscope\" itemtype=\"https:\/\/schema.org\/CreativeWork\" ><div class='avia_textblock cfmoto-blue-brackets'  itemprop=\"text\" ><h2 style=\"text-align: left;\">AY70<\/h2>\n<p>AY70 er vores mindste model og er perfekt til mindre b\u00f8rn, som skal l\u00e6re at k\u00f8re.\u2028Den har el-start, en let doserbar 70cc motor og automatgear. Skivebremser b\u00e5de for og bag g\u00f8r det enkelt at h\u00e5ndtere ATVen og sikrer hurtig nedbremsning. Affjedringen kan tilpasses f\u00f8reren og bidrager til en stabil og sikker k\u00f8rsel. En super underholdende maskine til de mindste.<\/p>\n<h4>Fra 7.900,-<\/h4>\n<\/div><\/section><br \/>\n<div  class='avia-button-wrap av-jtis5ev7-6e1491a95d14887f14c7483be7ccdd47-wrap avia-button-left  avia-builder-el-6  el_after_av_textblock  avia-builder-el-last '><a href='https:\/\/kayomoto.se\/da\/forhandlere\/'  class='avia-button av-jtis5ev7-6e1491a95d14887f14c7483be7ccdd47 av-link-btn avia-icon_select-no avia-size-large avia-position-left avia-color-theme-color'   aria-label=\"Find forhandlere\"><span class='avia_iconbox_title' >Find forhandlere<\/span><\/a><\/div><\/p><\/div>\n<style type=\"text\/css\" data-created_by=\"avia_inline_auto\" id=\"style-css-av-dspae-13dcaec64dd5f41736579f93750936f2\">\n.flex_column.av-dspae-13dcaec64dd5f41736579f93750936f2{\nborder-radius:0px 0px 0px 0px;\npadding:0px 0px 0px 0px;\n}\n<\/style>\n<div  class='flex_column av-dspae-13dcaec64dd5f41736579f93750936f2 av_one_half  avia-builder-el-7  el_after_av_one_half  avia-builder-el-last  flex_column_div av-zero-column-padding  '     ><section  class='av_textblock_section av-jtiwu8j7-bc0b76da667c6463af5d30252e1a3422 '   itemscope=\"itemscope\" itemtype=\"https:\/\/schema.org\/CreativeWork\" ><div class='avia_textblock'  itemprop=\"text\" >\n<\/div><\/section><\/div><\/div><\/div><\/div><!-- close content main div --><\/div><\/div><div id='av_section_3'  class='avia-section av-pydi9-d41604165123d028183ee045ce8f4f87 main_color avia-section-default avia-no-border-styling  avia-builder-el-9  el_after_av_section  avia-builder-el-last  cfmoto-spec cfmoto-content-section avia-bg-style-scroll container_wrap fullsize'  ><div class='container av-section-cont-open' ><div class='template-page content  av-content-full alpha units'><div class='post-entry post-entry-type-page post-entry-11069'><div class='entry-content-wrapper clearfix'>\n\n<style type=\"text\/css\" data-created_by=\"avia_inline_auto\" id=\"style-css-av-jkvxl-724680f6ffc0e0e6a0dfd7c9653f855c\">\n.flex_column.av-jkvxl-724680f6ffc0e0e6a0dfd7c9653f855c{\nborder-radius:0px 0px 0px 0px;\npadding:0px 0px 0px 0px;\n}\n<\/style>\n<div  class='flex_column av-jkvxl-724680f6ffc0e0e6a0dfd7c9653f855c av_one_full  avia-builder-el-10  el_before_av_one_half  avia-builder-el-first  centered-headline first flex_column_div av-zero-column-padding  '     ><section  class='av_textblock_section av-jtjrhlwn-53c3e2ea6a80a73864e9f501ae190760 '   itemscope=\"itemscope\" itemtype=\"https:\/\/schema.org\/CreativeWork\" ><div class='avia_textblock cfmoto-blue-brackets centered-headline'  itemprop=\"text\" ><h2 style=\"text-align: center;\">Specifikationer<\/h2>\n<\/div><\/section><\/div><div class='flex_column_table av-1llgp-52f9d265352459cfa23cf6fcf81ae55b sc-av_one_half av-equal-height-column-flextable'>\n<style type=\"text\/css\" data-created_by=\"avia_inline_auto\" id=\"style-css-av-1llgp-52f9d265352459cfa23cf6fcf81ae55b\">\n.flex_column.av-1llgp-52f9d265352459cfa23cf6fcf81ae55b{\nborder-radius:0px 0px 0px 0px;\npadding:0px 0px 0px 0px;\n}\n<\/style>\n<div  class='flex_column av-1llgp-52f9d265352459cfa23cf6fcf81ae55b av_one_half  avia-builder-el-12  el_after_av_one_full  el_before_av_one_half  first flex_column_table_cell av-equal-height-column av-align-top av-zero-column-padding  column-top-margin'     ><style type=\"text\/css\" data-created_by=\"avia_inline_auto\" id=\"style-css-av-jtk2px0g-6a58151967c80ee04c07277ad06e211a\">\n.avia-image-container.av-jtk2px0g-6a58151967c80ee04c07277ad06e211a img.avia_image{\nbox-shadow:none;\n}\n.avia-image-container.av-jtk2px0g-6a58151967c80ee04c07277ad06e211a .av-image-caption-overlay-center{\ncolor:#ffffff;\n}\n<\/style>\n<div  class='avia-image-container av-jtk2px0g-6a58151967c80ee04c07277ad06e211a av-styling- avia-align-right  avia-builder-el-13  avia-builder-el-no-sibling '   itemprop=\"image\" itemscope=\"itemscope\" itemtype=\"https:\/\/schema.org\/ImageObject\" ><div class=\"avia-image-container-inner\"><div class=\"avia-image-overlay-wrap\"><img decoding=\"async\" fetchpriority=\"high\" class='wp-image-11136 avia-img-lazy-loading-not-11136 avia_image ' src=\"https:\/\/kayomoto.se\/wp-content\/uploads\/2023\/11\/Miljo-1x1-1-300x300.jpg\" alt='' title='Milj\u00f6 1x1'  height=\"300\" width=\"300\"  itemprop=\"thumbnailUrl\" srcset=\"https:\/\/kayomoto.se\/wp-content\/uploads\/2023\/11\/Miljo-1x1-1-300x300.jpg 300w, https:\/\/kayomoto.se\/wp-content\/uploads\/2023\/11\/Miljo-1x1-1-1030x1030.jpg 1030w, https:\/\/kayomoto.se\/wp-content\/uploads\/2023\/11\/Miljo-1x1-1-80x80.jpg 80w, https:\/\/kayomoto.se\/wp-content\/uploads\/2023\/11\/Miljo-1x1-1-768x768.jpg 768w, https:\/\/kayomoto.se\/wp-content\/uploads\/2023\/11\/Miljo-1x1-1-1536x1536.jpg 1536w, https:\/\/kayomoto.se\/wp-content\/uploads\/2023\/11\/Miljo-1x1-1-2048x2048.jpg 2048w, https:\/\/kayomoto.se\/wp-content\/uploads\/2023\/11\/Miljo-1x1-1-36x36.jpg 36w, https:\/\/kayomoto.se\/wp-content\/uploads\/2023\/11\/Miljo-1x1-1-180x180.jpg 180w, https:\/\/kayomoto.se\/wp-content\/uploads\/2023\/11\/Miljo-1x1-1-1500x1500.jpg 1500w, https:\/\/kayomoto.se\/wp-content\/uploads\/2023\/11\/Miljo-1x1-1-705x705.jpg 705w\" sizes=\"(max-width: 300px) 100vw, 300px\" \/><\/div><\/div><\/div><\/div><div class='av-flex-placeholder'><\/div>\n<style type=\"text\/css\" data-created_by=\"avia_inline_auto\" id=\"style-css-av-6zz5d-48d53102ac0c7da861bf02fe25f4f30f\">\n.flex_column.av-6zz5d-48d53102ac0c7da861bf02fe25f4f30f{\nborder-radius:0px 0px 0px 0px;\npadding:0px 0px 0px 0px;\n}\n<\/style>\n<div  class='flex_column av-6zz5d-48d53102ac0c7da861bf02fe25f4f30f av_one_half  avia-builder-el-14  el_after_av_one_half  avia-builder-el-last  flex_column_table_cell av-equal-height-column av-align-top av-zero-column-padding  column-top-margin'     ><div  class='tabcontainer av-jtjssw64-65b8dc2ad7a840535c26cd79850e9e0c top_tab  avia-builder-el-15  avia-builder-el-no-sibling  spec-list'>\n<section class='av_tab_section av_tab_section av-1jfxsuu-a3ee90b3ca0fbd25afd21a6dfe63e6f2'  itemscope=\"itemscope\" itemtype=\"https:\/\/schema.org\/CreativeWork\" ><div id='tab-id-1-tab' class='tab active_tab' role='tab' aria-selected=\"true\" tabindex=\"0\" data-fake-id='#tab-id-1' aria-controls='tab-id-1-content'  itemprop=\"headline\" >Motor<\/div><div id='tab-id-1-content' class='tab_content active_tab_content' role='tabpanel' aria-labelledby='tab-id-1-tab' aria-hidden=\"false\"><div class='tab_inner_content invers-color'  itemprop=\"text\" ><ul>\n<li><b> Motortyper <\/b>1-cyl, 4-takt, luftkyld<\/li>\n<li><strong> Cylindervolume\u00a0<\/strong>72 cc<\/li>\n<li><strong> Max. effekt <\/strong>4,5 hk<\/li>\n<li><strong>T\u00e6ndning\u00a0<\/strong>Elstart<\/li>\n<\/ul>\n<\/div><\/div><\/section>\n<section class='av_tab_section av_tab_section av-12bffxy-5110cd82d5bd99ae84ee33594383fcce'  itemscope=\"itemscope\" itemtype=\"https:\/\/schema.org\/CreativeWork\" ><div id='tab-id-2-tab' class='tab' role='tab' aria-selected=\"false\" tabindex=\"0\" data-fake-id='#tab-id-2' aria-controls='tab-id-2-content'  itemprop=\"headline\" >Dimensioner<\/div><div id='tab-id-2-content' class='tab_content' role='tabpanel' aria-labelledby='tab-id-2-tab' aria-hidden=\"true\"><div class='tab_inner_content invers-color'  itemprop=\"text\" ><ul>\n<li><strong> L\u00e6ngde\u00a0<\/strong>1265 mm<\/li>\n<li><strong> Bredde\u00a0<\/strong>800 mm<\/li>\n<li><strong> S\u00e6deh\u00f8jde\u00a0<\/strong>605 mm<\/li>\n<li><strong> Frih\u00f8jde <\/strong>115 mm<\/li>\n<li><strong> V\u00e6gt <\/strong>72 kg<\/li>\n<li><strong> Tankvolume\u00a0<\/strong>2,1 L<\/li>\n<\/ul>\n<\/div><\/div><\/section>\n<section class='av_tab_section av_tab_section av-ih3kc6-155adc5d0836eaf45b49fac9bb4d0960'  itemscope=\"itemscope\" itemtype=\"https:\/\/schema.org\/CreativeWork\" ><div id='tab-id-3-tab' class='tab' role='tab' aria-selected=\"false\" tabindex=\"0\" data-fake-id='#tab-id-3' aria-controls='tab-id-3-content'  itemprop=\"headline\" >Chassi<\/div><div id='tab-id-3-content' class='tab_content' role='tabpanel' aria-labelledby='tab-id-3-tab' aria-hidden=\"true\"><div class='tab_inner_content invers-color'  itemprop=\"text\" ><ul>\n<li><b> Gearkasse\u00a0<\/b>Helautomat<\/li>\n<li><strong> Bremser\u00a0<\/strong> Hydrauliske skivebremser<\/li>\n<li><strong> Hjuloph\u00e6ng\u00a0<\/strong> Dobbelte A-Arme<\/li>\n<li><strong> St\u00f8dd\u00e6mpere\u00a0<\/strong> Hydrauliske st\u00f8dd\u00e6mpere<\/li>\n<li><strong> D\u00e6k, for\u00a0<\/strong>AT 16&#215;8-7<\/li>\n<li><strong> D\u00e6k, bag\u00a0<\/strong>AT 16&#215;8-7<\/li>\n<\/ul>\n<\/div><\/div><\/section>\n<\/div><\/div><\/div><!--close column table wrapper. Autoclose: 1 -->\n<\/p>\n","protected":false},"excerpt":{"rendered":"","protected":false},"author":4,"featured_media":0,"parent":0,"menu_order":0,"comment_status":"closed","ping_status":"closed","template":"","meta":{"_acf_changed":false,"inline_featured_image":false,"footnotes":""},"class_list":["post-11069","page","type-page","status-publish","hentry"],"acf":[],"yoast_head":"<!-- This site is optimized with the Yoast SEO plugin v27.4 - https:\/\/yoast.com\/product\/yoast-seo-wordpress\/ -->\n<title>AY70 &#8212; KAYOMOTO<\/title>\n<meta name=\"robots\" content=\"index, follow, max-snippet:-1, max-image-preview:large, max-video-preview:-1\" \/>\n<link rel=\"canonical\" href=\"https:\/\/kayomoto.se\/da\/ay70\/\" \/>\n<meta property=\"og:locale\" content=\"da_DK\" \/>\n<meta property=\"og:type\" content=\"article\" \/>\n<meta property=\"og:title\" content=\"AY70 &#8212; KAYOMOTO\" \/>\n<meta property=\"og:url\" content=\"https:\/\/kayomoto.se\/da\/ay70\/\" \/>\n<meta property=\"og:site_name\" content=\"KAYOMOTO\" \/>\n<meta property=\"article:publisher\" content=\"https:\/\/www.facebook.com\/cfmotosverige\/\" \/>\n<meta property=\"article:modified_time\" content=\"2024-04-10T11:16:51+00:00\" \/>\n<meta name=\"twitter:card\" content=\"summary_large_image\" \/>\n<meta name=\"twitter:label1\" content=\"Estimeret l\u00e6setid\" \/>\n\t<meta name=\"twitter:data1\" content=\"3 minutter\" \/>\n<script type=\"application\/ld+json\" class=\"yoast-schema-graph\">{\"@context\":\"https:\\\/\\\/schema.org\",\"@graph\":[{\"@type\":\"WebPage\",\"@id\":\"https:\\\/\\\/kayomoto.se\\\/da\\\/ay70\\\/\",\"url\":\"https:\\\/\\\/kayomoto.se\\\/da\\\/ay70\\\/\",\"name\":\"AY70 &#8212; KAYOMOTO\",\"isPartOf\":{\"@id\":\"https:\\\/\\\/kayomoto.se\\\/#website\"},\"datePublished\":\"2023-11-10T07:10:15+00:00\",\"dateModified\":\"2024-04-10T11:16:51+00:00\",\"breadcrumb\":{\"@id\":\"https:\\\/\\\/kayomoto.se\\\/da\\\/ay70\\\/#breadcrumb\"},\"inLanguage\":\"da-DK\",\"potentialAction\":[{\"@type\":\"ReadAction\",\"target\":[\"https:\\\/\\\/kayomoto.se\\\/da\\\/ay70\\\/\"]}]},{\"@type\":\"BreadcrumbList\",\"@id\":\"https:\\\/\\\/kayomoto.se\\\/da\\\/ay70\\\/#breadcrumb\",\"itemListElement\":[{\"@type\":\"ListItem\",\"position\":1,\"name\":\"Hem\",\"item\":\"https:\\\/\\\/kayomoto.se\\\/da\\\/\"},{\"@type\":\"ListItem\",\"position\":2,\"name\":\"AY70\"}]},{\"@type\":\"WebSite\",\"@id\":\"https:\\\/\\\/kayomoto.se\\\/#website\",\"url\":\"https:\\\/\\\/kayomoto.se\\\/\",\"name\":\"CFMOTO\",\"description\":\"\",\"potentialAction\":[{\"@type\":\"SearchAction\",\"target\":{\"@type\":\"EntryPoint\",\"urlTemplate\":\"https:\\\/\\\/kayomoto.se\\\/?s={search_term_string}\"},\"query-input\":{\"@type\":\"PropertyValueSpecification\",\"valueRequired\":true,\"valueName\":\"search_term_string\"}}],\"inLanguage\":\"da-DK\"}]}<\/script>\n<!-- \/ Yoast SEO plugin. -->","yoast_head_json":{"title":"AY70 &#8212; KAYOMOTO","robots":{"index":"index","follow":"follow","max-snippet":"max-snippet:-1","max-image-preview":"max-image-preview:large","max-video-preview":"max-video-preview:-1"},"canonical":"https:\/\/kayomoto.se\/da\/ay70\/","og_locale":"da_DK","og_type":"article","og_title":"AY70 &#8212; KAYOMOTO","og_url":"https:\/\/kayomoto.se\/da\/ay70\/","og_site_name":"KAYOMOTO","article_publisher":"https:\/\/www.facebook.com\/cfmotosverige\/","article_modified_time":"2024-04-10T11:16:51+00:00","twitter_card":"summary_large_image","twitter_misc":{"Estimeret l\u00e6setid":"3 minutter"},"schema":{"@context":"https:\/\/schema.org","@graph":[{"@type":"WebPage","@id":"https:\/\/kayomoto.se\/da\/ay70\/","url":"https:\/\/kayomoto.se\/da\/ay70\/","name":"AY70 &#8212; KAYOMOTO","isPartOf":{"@id":"https:\/\/kayomoto.se\/#website"},"datePublished":"2023-11-10T07:10:15+00:00","dateModified":"2024-04-10T11:16:51+00:00","breadcrumb":{"@id":"https:\/\/kayomoto.se\/da\/ay70\/#breadcrumb"},"inLanguage":"da-DK","potentialAction":[{"@type":"ReadAction","target":["https:\/\/kayomoto.se\/da\/ay70\/"]}]},{"@type":"BreadcrumbList","@id":"https:\/\/kayomoto.se\/da\/ay70\/#breadcrumb","itemListElement":[{"@type":"ListItem","position":1,"name":"Hem","item":"https:\/\/kayomoto.se\/da\/"},{"@type":"ListItem","position":2,"name":"AY70"}]},{"@type":"WebSite","@id":"https:\/\/kayomoto.se\/#website","url":"https:\/\/kayomoto.se\/","name":"CFMOTO","description":"","potentialAction":[{"@type":"SearchAction","target":{"@type":"EntryPoint","urlTemplate":"https:\/\/kayomoto.se\/?s={search_term_string}"},"query-input":{"@type":"PropertyValueSpecification","valueRequired":true,"valueName":"search_term_string"}}],"inLanguage":"da-DK"}]}},"_links":{"self":[{"href":"https:\/\/kayomoto.se\/da\/wp-json\/wp\/v2\/pages\/11069","targetHints":{"allow":["GET"]}}],"collection":[{"href":"https:\/\/kayomoto.se\/da\/wp-json\/wp\/v2\/pages"}],"about":[{"href":"https:\/\/kayomoto.se\/da\/wp-json\/wp\/v2\/types\/page"}],"author":[{"embeddable":true,"href":"https:\/\/kayomoto.se\/da\/wp-json\/wp\/v2\/users\/4"}],"replies":[{"embeddable":true,"href":"https:\/\/kayomoto.se\/da\/wp-json\/wp\/v2\/comments?post=11069"}],"version-history":[{"count":6,"href":"https:\/\/kayomoto.se\/da\/wp-json\/wp\/v2\/pages\/11069\/revisions"}],"predecessor-version":[{"id":11184,"href":"https:\/\/kayomoto.se\/da\/wp-json\/wp\/v2\/pages\/11069\/revisions\/11184"}],"wp:attachment":[{"href":"https:\/\/kayomoto.se\/da\/wp-json\/wp\/v2\/media?parent=11069"}],"curies":[{"name":"wp","href":"https:\/\/api.w.org\/{rel}","templated":true}]}}